{"id":7007,"date":"2025-08-27T10:24:34","date_gmt":"2025-08-27T14:24:34","guid":{"rendered":"https:\/\/alora-medspa.com\/?page_id=7007"},"modified":"2025-10-27T16:17:06","modified_gmt":"2025-10-27T20:17:06","slug":"sms-terms","status":"publish","type":"page","link":"https:\/\/alora-medspa.com\/en\/sms-terms\/","title":{"rendered":"SMS Terms &amp; Conditions \u2013 Alora Med Spa"},"content":{"rendered":"<div data-elementor-type=\"wp-page\" data-elementor-id=\"7007\" class=\"elementor elementor-7007\" data-elementor-post-type=\"page\">\n\t\t\t\t\t\t<section class=\"elementor-section elementor-top-section elementor-element elementor-element-68e8d39 elementor-section-boxed elementor-section-height-default elementor-section-height-default\" data-id=\"68e8d39\" data-element_type=\"section\" data-e-type=\"section\" data-settings=\"{&quot;wdt_bg_image&quot;:{&quot;url&quot;:&quot;&quot;,&quot;id&quot;:&quot;&quot;,&quot;size&quot;:&quot;&quot;},&quot;wdt_bg_image_laptop&quot;:{&quot;url&quot;:&quot;&quot;,&quot;id&quot;:&quot;&quot;,&quot;size&quot;:&quot;&quot;},&quot;wdt_bg_image_tablet_extra&quot;:{&quot;url&quot;:&quot;&quot;,&quot;id&quot;:&quot;&quot;,&quot;size&quot;:&quot;&quot;},&quot;wdt_bg_image_tablet&quot;:{&quot;url&quot;:&quot;&quot;,&quot;id&quot;:&quot;&quot;,&quot;size&quot;:&quot;&quot;},&quot;wdt_bg_image_mobile_extra&quot;:{&quot;url&quot;:&quot;&quot;,&quot;id&quot;:&quot;&quot;,&quot;size&quot;:&quot;&quot;},&quot;wdt_bg_image_mobile&quot;:{&quot;url&quot;:&quot;&quot;,&quot;id&quot;:&quot;&quot;,&quot;size&quot;:&quot;&quot;},&quot;wdt_bg_position&quot;:&quot;center center&quot;,&quot;wdt_animation_effect&quot;:&quot;none&quot;}\">\n\t\t\t\t\t\t<div class=\"elementor-container elementor-column-gap-default\">\n\t\t\t\t\t<div class=\"elementor-column elementor-col-100 elementor-top-column elementor-element elementor-element-f94dfb4\" data-id=\"f94dfb4\" data-element_type=\"column\" data-e-type=\"column\">\n\t\t\t<div class=\"elementor-widget-wrap elementor-element-populated\">\n\t\t\t\t\t\t<div class=\"elementor-element elementor-element-40e686c elementor-widget__width-initial elementor-widget-mobile__width-inherit elementor-widget elementor-widget-text-editor\" data-id=\"40e686c\" data-element_type=\"widget\" data-e-type=\"widget\" data-settings=\"{&quot;wdt_animation_effect&quot;:&quot;none&quot;}\" data-widget_type=\"text-editor.default\">\n\t\t\t\t<div class=\"elementor-widget-container\">\n\t\t\t\t\t\t\t\t\t<div><ul><li>T\u00e9rminos y condiciones de SMS (ubicados en <a href=\"https:\/\/alora-medspa.com\/en\/sms-terms\/\"><span style=\"text-decoration: underline;\">https:\/\/alora-medspa.com\/sms-terms\/<\/span>)<\/a><\/li><\/ul><h5>Comunicaci\u00f3n de consentimiento SM:<\/h5><p>La informaci\u00f3n (n\u00fameros de tel\u00e9fono) obtenida como parte del proceso de consentimiento para SMS no se compartir con terceros con fines de marketing<\/p><h5>Tipos de comunicaciones SMS:<\/h5><p>Si has dado tu consentimiento para recibir mensajes de texto de Alora Med Spa, puedes recibir mensajes relacionados con los siguientes temas:<\/p><p>Marketing: Promociones u ofertas<\/p><h5>Frecuencia de mensajes:<\/h5><p>La frecuencia de los mensajes puede variar seg\u00fan el tipo de comunicaci\u00f3n.<\/p><h5>Cargos por mensajes SMS:<\/h5><p>Ten en cuenta que pueden aplicarse tarifas est\u00e1ndar de mensajes y datos, dependiendo del plan de precios de tu proveedor.<\/p><h5>M\u00e9todo de suscripci\u00f3n (Opt-In):<\/h5><p>Puedes suscribirte para recibir mensajes SMS de \u00c1lora Med Spa de las siguientes formas:<\/p><ul><li>Al enviar un formulario en l\u00ednea<\/li><\/ul><h5>M\u00e9todo para cancelar (Opt-Out):<\/h5><p>Puedes darte de baja de los mensajes SMS en cualquier momento respondiendo \u00abSTOP\u00bb a cualquier mensaje SMS que recibas.<\/p><p>Tambi\u00e9n puedes comunicarte directamente con nosotros para solicitar la eliminaci\u00f3n de tu n\u00famero de nuestra lista de mensajes.<\/p><h5>Ayuda:<\/h5><p>Si experimentas alg\u00fan problema, puedes responder con la palabra \u00abHELP\u00bb o comunicarte directamente con nosotros en 787-331-7000.<\/p><h5>Opciones adicionales:<\/h5><p>\u00a0Si no deseas recibir mensajes SMS, puedes optar por no marca la casilla de consentimiento para SMS en nuestros formularios.<\/p><h5><strong>Avisos est\u00e1ndar de mensajer\u00eda:<\/strong><\/h5><ul><li>Pueden aplicarse cargos por mensajes y datos.<\/li><li>Puedes cancelar a suscripci\u00f3n en cualquier momento enviando \u00abSTOP\u00bb.<\/li><li>\u00a0Para asistencia, env\u00eda \u00abHELP\u00bb 0 visita nuestras p\u00e1ginas de Pol\u00edtica de Privacidad<br \/><span style=\"text-decoration: underline;\"><a href=\"https:\/\/alora-medspa.com\/en\/sms-terms\/\">T\u00e9rminos y Condiciones<\/a><\/span>.<\/li><li>La frecuencia de los mensajes puede variar.<\/li><\/ul><h5><strong data-olk-copy-source=\"MessageBody\">ELIGIBILITY<\/strong><\/h5><p>Alora text messages are intended for individuals over the age of 13. Your mobile device must have text messaging capability. This service is available through most U.S. carriers and some international carriers.<\/p><h5><strong>DESCRIPTION OF SERVICE<\/strong><\/h5><p>Alora allows mobile subscribers to receive SMS messages related to appointment reminders, confirmations, and direct communication with our clinic.<\/p><h5><strong>HOW TO OPT-OUT OR OPT-IN TO OUR SERVICE<\/strong><\/h5><ul><li><p>To cancel your subscription, reply with\u00a0<strong>STOP<\/strong>. A confirmation message will be sent.<\/p><\/li><li><p>To re-activate your subscription, reply with\u00a0<strong>START<\/strong>.<\/p><\/li><\/ul><h5><strong>SUPPORT \/ HELP<\/strong><\/h5><p>If you need assistance, please contact us at:<br \/>\ud83d\udcde <a href=\"tel:7873317000\">787-331-7000<\/a><br \/>\ud83d\udce7\u00a0info@alora-medspa.com<\/p><h5><strong>SPAM AND ABUSE<\/strong><\/h5><p>Alora will never send unsolicited messages. If you receive any suspicious text claiming to be from us, please contact us immediately.<\/p><h5><strong>INDEMNIFICATION<\/strong><\/h5><p>You agree to indemnify and hold harmless Alora, its affiliates, employees, and representatives from any claim or demand, including reasonable attorneys\u2019 fees, arising from your use of the service, your violation of these Terms, or your violation of any third party\u2019s rights.<\/p><h5><strong>MESSAGE FREQUENCY<\/strong><\/h5><p>If you opt-in to receive SMS messages from Alora, you may receive up to\u00a0<strong>3 messages per appointment<\/strong>\u00a0(confirmation, reminder, and follow-up).<\/p><h5><strong>PRIVACY POLICY<\/strong><\/h5><p>Alora will never sell, rent, or share your mobile number or personal information with third parties without your consent. We will never send marketing messages without your prior authorization.<\/p><p>Alora may use or disclose your information under the following circumstances:<\/p><ul><li><p>To provide you with requested services.<\/p><\/li><li><p>To verify your identity and process related requests.<\/p><\/li><li><p>To resolve issues or conflicts related to our services.<\/p><\/li><li><p>To comply with legal requirements, subpoenas, or court orders.<\/p><\/li><li><p>To exercise or defend legal rights.<\/p><\/li><li><p>In the event of a merger, acquisition, or corporate restructuring involving Alora.<\/p><\/li><li><p>I agree to receive promotional and marketing messages, including special offers, discounts, treatment updates, and more, from Alora Med Spa. The frequency of messages may vary. Message and data rates may apply.<\/p><\/li><\/ul><\/div><p><!-- \/wp:paragraph --><\/p>\t\t\t\t\t\t\t\t<\/div>\n\t\t\t\t<\/div>\n\t\t\t\t\t<\/div>\n\t\t<\/div>\n\t\t\t\t\t<\/div>\n\t\t<\/section>\n\t\t\t\t<\/div>","protected":false},"excerpt":{"rendered":"<p>T\u00e9rminos y condiciones de SMS (ubicados en https:\/\/alora-medspa.com\/sms-terms\/) Comunicaci\u00f3n de consentimiento SM: La informaci\u00f3n (n\u00fameros de tel\u00e9fono) obtenida como parte del proceso de consentimiento para SMS no se compartir con terceros con fines de marketing Tipos de comunicaciones SMS: Si has dado tu consentimiento para recibir mensajes de texto de Alora Med Spa, puedes recibir [&hellip;]<\/p>\n","protected":false},"author":2,"featured_media":0,"parent":0,"menu_order":0,"comment_status":"closed","ping_status":"closed","template":"","meta":{"footnotes":""},"class_list":["post-7007","page","type-page","status-publish","hentry"],"_links":{"self":[{"href":"https:\/\/alora-medspa.com\/en\/wp-json\/wp\/v2\/pages\/7007","targetHints":{"allow":["GET"]}}],"collection":[{"href":"https:\/\/alora-medspa.com\/en\/wp-json\/wp\/v2\/pages"}],"about":[{"href":"https:\/\/alora-medspa.com\/en\/wp-json\/wp\/v2\/types\/page"}],"author":[{"embeddable":true,"href":"https:\/\/alora-medspa.com\/en\/wp-json\/wp\/v2\/users\/2"}],"replies":[{"embeddable":true,"href":"https:\/\/alora-medspa.com\/en\/wp-json\/wp\/v2\/comments?post=7007"}],"version-history":[{"count":39,"href":"https:\/\/alora-medspa.com\/en\/wp-json\/wp\/v2\/pages\/7007\/revisions"}],"predecessor-version":[{"id":7887,"href":"https:\/\/alora-medspa.com\/en\/wp-json\/wp\/v2\/pages\/7007\/revisions\/7887"}],"wp:attachment":[{"href":"https:\/\/alora-medspa.com\/en\/wp-json\/wp\/v2\/media?parent=7007"}],"curies":[{"name":"wp","href":"https:\/\/api.w.org\/{rel}","templated":true}]}}